{"id":479,"date":"2018-12-06T09:17:27","date_gmt":"2018-12-06T15:17:27","guid":{"rendered":"http:\/\/becaleasing.mx\/?page_id=479"},"modified":"2023-12-06T09:56:49","modified_gmt":"2023-12-06T15:56:49","slug":"inicio-2","status":"publish","type":"page","link":"https:\/\/becaleasing.mx\/","title":{"rendered":"Inicio 2"},"content":{"rendered":"<div class=\"wpb-content-wrapper\"><p>[vc_row fullwidth=&#8221;true&#8221; attached=&#8221;true&#8221; animation=&#8221;fade-in&#8221; id=&#8221;mis_servicios&#8221; css=&#8221;.vc_custom_1692977133434{padding-right: 0px !important;padding-left: 0px !important;}&#8221;][vc_column css=&#8221;.vc_custom_1692977071789{padding-right: 0px !important;padding-left: 0px !important;}&#8221;][mk_custom_box padding_vertical=&#8221;400&#8243; padding_horizental=&#8221;0&#8243; margin_bottom=&#8221;0&#8243; min_height=&#8221;900&#8243; animation=&#8221;fade-in&#8221; bg_image=&#8221;https:\/\/becaleasing.mx\/wp-content\/uploads\/2017\/10\/copia-de-1-servicios-carro.png&#8221; background_hov_color_style=&#8221;image&#8221; overlay_color=&#8221;rgba(43,50,58,0.5)&#8221; bg_image_hov_effect=&#8221;zoom-in&#8221; bg_stretch=&#8221;true&#8221;][mk_fancy_title strip_tags=&#8221;true&#8221; tag_name=&#8221;h1&#8243; color=&#8221;#c86723&#8243; size=&#8221;70&#8243; force_font_size=&#8221;true&#8221; size_smallscreen=&#8221;45&#8243; size_tablet=&#8221;39&#8243; size_phone=&#8221;25&#8243; font_weight=&#8221;900&#8243; txt_transform=&#8221;uppercase&#8221; margin_bottom=&#8221;0&#8243; font_family=&#8221;none&#8221; align=&#8221;center&#8221; animation=&#8221;flip-x&#8221; drop_shadow=&#8221;true&#8221;]Arrendamiento puro[\/mk_fancy_title][vc_row_inner][vc_column_inner width=&#8221;1\/4&#8243;][\/vc_column_inner][vc_column_inner width=&#8221;1\/2&#8243; css=&#8221;.vc_custom_1692913223165{margin-bottom: 0px !important;}&#8221;][mk_ornamental_title text_color=&#8221;#ffffff&#8221; font_family=&#8221;none&#8221; font_size=&#8221;30&#8243; font_weight=&#8221;500&#8243; ornament_style=&#8221;norman-double&#8221; ornament_color=&#8221;#ef6831&#8243; animation=&#8221;bottom-to-top&#8221;]100% deducible[\/mk_ornamental_title][\/vc_column_inner][vc_column_inner width=&#8221;1\/4&#8243;][\/vc_column_inner][\/vc_row_inner][mk_button dimension=&#8221;flat&#8221; corner_style=&#8221;rounded&#8221; size=&#8221;xx-large&#8221; url=&#8221;http:\/\/becaleasing.mx\/\/index.php\/arrendamiento-puro\/&#8221; align=&#8221;center&#8221; button_custom_width=&#8221;310&#8243; id=&#8221;see-more&#8221; margin_bottom=&#8221;0&#8243; margin_right=&#8221;0&#8243; animation=&#8221;bottom-to-top&#8221; el_class=&#8221;see-more&#8221; bg_color=&#8221;rgba(255,255,255,0)&#8221; btn_hover_txt_color=&#8221;#f97352&#8243;]Ver m\u00e1s[\/mk_button][mk_divider style=&#8221;thin_solid&#8221; divider_width=&#8221;custom_width&#8221; custom_width=&#8221;80&#8243; thin_single_color=&#8221;#ebebeb&#8221; thickness=&#8221;2&#8243; margin_top=&#8221;0&#8243; margin_bottom=&#8221;0&#8243;][\/mk_custom_box][\/vc_column][\/vc_row][mk_page_section full_width=&#8221;true&#8221; sidebar=&#8221;sidebar_primary&#8221;][vc_column][mk_padding_divider size=&#8221;140&#8243;][vc_row_inner][vc_column_inner width=&#8221;1\/12&#8243;][\/vc_column_inner][vc_column_inner width=&#8221;10\/12&#8243;][mk_fancy_title color=&#8221;#c86723&#8243; size=&#8221;60&#8243; force_font_size=&#8221;true&#8221; size_tablet=&#8221;35&#8243; size_phone=&#8221;25&#8243; font_weight=&#8221;500&#8243; txt_transform=&#8221;uppercase&#8221; font_family=&#8221;none&#8221; align=&#8221;center&#8221; animation=&#8221;scale-up&#8221;]Arrendamiento Puro[\/mk_fancy_title][\/vc_column_inner][vc_column_inner width=&#8221;1\/12&#8243;][\/vc_column_inner][\/vc_row_inner][vc_row_inner attached=&#8221;true&#8221; is_fullwidth_content=&#8221;false&#8221; column_padding=&#8221;5&#8243;][vc_column_inner width=&#8221;1\/2&#8243; css=&#8221;.vc_custom_1692914045228{padding-right: 200px !important;padding-left: 200px !important;}&#8221;][mk_fancy_title tag_name=&#8221;h4&#8243; color=&#8221;#d08025&#8243; size=&#8221;30&#8243; force_font_size=&#8221;true&#8221; size_tablet=&#8221;25&#8243; size_phone=&#8221;20&#8243; txt_transform=&#8221;uppercase&#8221; font_family=&#8221;PT+Sans&#8221; font_type=&#8221;google&#8221; animation=&#8221;fade-in&#8221;]\u00bfQu\u00e9 es?[\/mk_fancy_title][vc_column_text css=&#8221;.vc_custom_1695853220954{margin-bottom: 0px !important;padding-right: 20px !important;padding-left: 20px !important;}&#8221;]<span style=\"color: #545757;\">El arrendamiento puro es un acuerdo en el que una parte (el arrendador) permite que otra parte (el arrendatario) utilice un bien, como un veh\u00edculo o equipo, a cambio de un pago peri\u00f3dico durante un per\u00edodo determinado.<\/span><\/p>\n<p><span style=\"color: #545757;\">A diferencia del arrendamiento financiero, en el arrendamiento puro no existe la opci\u00f3n de compra al final del contrato<\/span>[\/vc_column_text][\/vc_column_inner][vc_column_inner width=&#8221;1\/2&#8243;][mk_fancy_title tag_name=&#8221;h4&#8243; color=&#8221;#d08025&#8243; size=&#8221;30&#8243; force_font_size=&#8221;true&#8221; size_tablet=&#8221;25&#8243; size_phone=&#8221;20&#8243; txt_transform=&#8221;uppercase&#8221; font_family=&#8221;none&#8221; animation=&#8221;top-to-bottom&#8221;]Conoce sus beneficios:[\/mk_fancy_title][mk_custom_list style=&#8221;mk-icon-circle-o&#8221; icon_color=&#8221;#d08025&#8243;]<\/p>\n<ul>\n<li><span style=\"color: #545757;\">Deducciones fiscales<\/span><\/li>\n<li><span style=\"color: #545757;\">Flexibilidad financiera<\/span><\/li>\n<li><span style=\"color: #545757;\">Actualizaci\u00f3n tecnol\u00f3gica<\/span><\/li>\n<li><span style=\"color: #545757;\">Menos riesgo de depreciaci\u00f3n<\/span><\/li>\n<li><span style=\"color: #545757;\">Gesti\u00f3n simplificada<\/span><\/li>\n<li><span style=\"color: #545757;\">Efecto de balance<\/span><\/li>\n<\/ul>\n<p>[\/mk_custom_list][\/vc_column_inner][\/vc_row_inner][\/vc_column][\/mk_page_section][mk_page_section sidebar=&#8221;sidebar_primary&#8221;][vc_column][mk_padding_divider size=&#8221;140&#8243;][mk_fancy_title color=&#8221;#c86723&#8243; size=&#8221;60&#8243; force_font_size=&#8221;true&#8221; size_tablet=&#8221;35&#8243; size_phone=&#8221;25&#8243; font_weight=&#8221;500&#8243; txt_transform=&#8221;uppercase&#8221; font_family=&#8221;none&#8221; align=&#8221;center&#8221; animation=&#8221;scale-up&#8221;]Un auto para cada necesidad[\/mk_fancy_title][vc_row_inner css=&#8221;.vc_custom_1695413709534{border-right-width: 0px !important;padding-left: 0px !important;}&#8221;][vc_column_inner][vc_column_text css=&#8221;.vc_custom_1694193372104{margin-bottom: 0px !important;}&#8221;]\t\t<div data-elementor-type=\"page\" data-elementor-id=\"1531\" class=\"elementor elementor-1531\">\n\t\t\t\t<div class=\"elementor-element elementor-element-7d81363 e-con-full e-flex e-con e-parent\" data-id=\"7d81363\" data-element_type=\"container\">\n\t\t\t\t<div class=\"elementor-element elementor-element-317640f8 raven--h-position-center raven--v-position-middle elementor-arrows-position-inside elementor-pagination-position-inside elementor-widget elementor-widget-raven-slider\" data-id=\"317640f8\" data-element_type=\"widget\" data-settings=\"{&quot;navigation&quot;:&quot;both&quot;,&quot;autoplay&quot;:&quot;yes&quot;,&quot;pause_on_hover&quot;:&quot;yes&quot;,&quot;pause_on_interaction&quot;:&quot;yes&quot;,&quot;autoplay_speed&quot;:5000,&quot;infinite&quot;:&quot;yes&quot;,&quot;transition&quot;:&quot;slide&quot;,&quot;transition_speed&quot;:500}\" data-widget_type=\"raven-slider.default\">\n\t\t\t\t<div class=\"elementor-widget-container\">\n\t\t\t\t\t<div class=\"elementor-swiper\">\n\t\t\t<div class=\"raven-slider-wrapper elementor-main-swiper swiper\" dir=\"ltr\" data-animation=\"fadeInUp\">\n\t\t\t\t<div class=\"swiper-wrapper raven-slider\">\n\t\t\t\t\t\t\t\t\t\t<div class=\"elementor-repeater-item-1f88724 swiper-slide\"><div style=\"\" class=\"swiper-slide-bg elementor-ken-burns elementor-ken-burns--in\"><\/div><div class=\"swiper-slide-inner\" ><div class=\"swiper-slide-contents\"><div class=\"raven-slide-heading\">Auto utilitario<\/div><div class=\"raven-slide-description\">Autos pr\u00e1cticos, econ\u00f3micos, tienen un mejor aprovechamiento del espacio, sus dimensiones son reducidas, tienen una m\u00e1xima capacidad<\/div><\/div><\/div><\/div><div class=\"elementor-repeater-item-a1315bd swiper-slide\"><div style=\"\" class=\"swiper-slide-bg elementor-ken-burns elementor-ken-burns--in\"><\/div><div class=\"swiper-slide-inner\" ><div class=\"swiper-slide-contents\"><div class=\"raven-slide-heading\">Auto Sed\u00e1n<\/div><div class=\"raven-slide-description\">Autos medianos a grandes, con cuatro puestas y espacio para pasajeros en la parte trasera, son c\u00f3modos y tienen un dise\u00f1o elegante<\/div><\/div><\/div><\/div><div class=\"elementor-repeater-item-995b521 swiper-slide\"><div style=\"\" class=\"swiper-slide-bg elementor-ken-burns elementor-ken-burns--in\"><\/div><div class=\"swiper-slide-inner\" ><div class=\"swiper-slide-contents\"><div class=\"raven-slide-heading\">Deportivos<\/div><div class=\"raven-slide-description\">Poseen un alto rendimiento, emocionante experiencia de manejo, con potentes motores, chasis deportivos, y caracter\u00edsticas aerodin\u00e1micas especiales<\/div><\/div><\/div><\/div><div class=\"elementor-repeater-item-bc583ff swiper-slide\"><div style=\"\" class=\"swiper-slide-bg elementor-ken-burns elementor-ken-burns--in\"><\/div><div class=\"swiper-slide-inner\" ><div class=\"swiper-slide-contents\"><div class=\"raven-slide-heading\">Convertibles<\/div><div class=\"raven-slide-description\">Tienen techos retr\u00e1ctiles, disfruta de la conducci\u00f3n al aire libre<\/div><\/div><\/div><\/div><div class=\"elementor-repeater-item-7dfc7b7 swiper-slide\"><div style=\"\" class=\"swiper-slide-bg elementor-ken-burns elementor-ken-burns--in\"><\/div><div class=\"swiper-slide-inner\" ><div class=\"swiper-slide-contents\"><div class=\"raven-slide-heading\">SUV (Veh\u00edculos Utilitarios Deportivos)<\/div><div class=\"raven-slide-description\">Autos m\u00e1s grandes, perfectos para el transporte de pasajeros y carga, pueden ser SUV compactos y tienen diferentes condiciones de manejo<\/div><\/div><\/div><\/div><div class=\"elementor-repeater-item-b746a4b swiper-slide\"><div style=\"\" class=\"swiper-slide-bg elementor-ken-burns elementor-ken-burns--in\"><\/div><div class=\"swiper-slide-inner\" ><div class=\"swiper-slide-contents\"><div class=\"raven-slide-heading\">Furgonetas<\/div><div class=\"raven-slide-description\">Excelentes para el transporte de carga<\/div><\/div><\/div><\/div><div class=\"elementor-repeater-item-fc4ce13 swiper-slide\"><div style=\"\" class=\"swiper-slide-bg elementor-ken-burns elementor-ken-burns--in\"><\/div><div class=\"swiper-slide-inner\" ><div class=\"swiper-slide-contents\"><div class=\"raven-slide-heading\">Minivans<\/div><div class=\"raven-slide-description\">Ideales para el transporte de pasajeros, con mayor capacidad que un Sed\u00e1n, espacios interiores amplios, y configuraciones flexibles en los asientos<\/div><\/div><\/div><\/div>\t\t\t\t<\/div>\n\t\t\t\t\t\t\t\t\t\t\t\t\t\t\t<div class=\"swiper-pagination\"><\/div>\n\t\t\t\t\t\t\t\t\t\t\t\t\t\t\t\t<div class=\"elementor-swiper-button elementor-swiper-button-prev\">\n\t\t\t\t\t\t\t<i aria-hidden=\"true\" class=\"eicon-chevron-left\"><\/i>\t\t\t\t\t\t\t<span class=\"elementor-screen-only\">Previous<\/span>\n\t\t\t\t\t\t<\/div>\n\t\t\t\t\t\t<div class=\"elementor-swiper-button elementor-swiper-button-next\">\n\t\t\t\t\t\t\t<i aria-hidden=\"true\" class=\"eicon-chevron-right\"><\/i>\t\t\t\t\t\t\t<span class=\"elementor-screen-only\">Next<\/span>\n\t\t\t\t\t\t<\/div>\n\t\t\t\t\t\t\t\t\t\t\t\t<\/div>\n\t\t<\/div>\n\t\t\t\t<\/div>\n\t\t\t\t<\/div>\n\t\t\t\t<\/div>\n\t\t\t\t<\/div>\n\t\t[\/vc_column_text][\/vc_column_inner][\/vc_row_inner][mk_padding_divider][vc_row_inner css=&#8221;.vc_custom_1695413828214{padding-right: 20px !important;padding-left: 20px !important;}&#8221;][vc_column_inner width=&#8221;1\/12&#8243;][\/vc_column_inner][vc_column_inner width=&#8221;10\/12&#8243;][mk_fancy_title tag_name=&#8221;h4&#8243; color=&#8221;#020202&#8243; size=&#8221;25&#8243; force_font_size=&#8221;true&#8221; size_tablet=&#8221;15&#8243; size_phone=&#8221;15&#8243; font_family=&#8221;none&#8221; align=&#8221;center&#8221; animation=&#8221;fade-in&#8221;]<span style=\"color: #545757;\">Todos nuestros autos cuentan con<\/span> <strong style=\"color: #d08025;\">GPS, placas y kilometraje ilimitado<\/strong><span style=\"color: #545757;\">; adem\u00e1s no consultamos bur\u00f3 de cr\u00e9dito, con opci\u00f3n para reducir hasta el 100% del gasto.<\/span>[\/mk_fancy_title][mk_fancy_title tag_name=&#8221;h4&#8243; color=&#8221;#d08025&#8243; size=&#8221;25&#8243; force_font_size=&#8221;true&#8221; size_tablet=&#8221;20&#8243; size_phone=&#8221;20&#8243; font_weight=&#8221;bold&#8221; font_family=&#8221;none&#8221; align=&#8221;center&#8221; animation=&#8221;scale-up&#8221;]Elige hoy el auto que quieras, con plazos flexibles y pagos fijos[\/mk_fancy_title][\/vc_column_inner][vc_column_inner width=&#8221;1\/12&#8243;][\/vc_column_inner][\/vc_row_inner][mk_button dimension=&#8221;flat&#8221; size=&#8221;large&#8221; icon=&#8221;mk-jupiter-icon-doc&#8221; icon_anim=&#8221;side&#8221; url=&#8221;http:\/\/becaleasing.mx\/\/index.php\/solicitud-en-linea\/&#8221; align=&#8221;center&#8221; bg_color=&#8221;#c86723&#8243; btn_hover_bg=&#8221;rgba(200,103,35,0.78)&#8221;]Adquiere un auto[\/mk_button][mk_padding_divider size=&#8221;140&#8243;][\/vc_column][\/mk_page_section][vc_row fullwidth=&#8221;true&#8221; parallax=&#8221;content-moving-fade&#8221; parallax_image=&#8221;245&#8243; css=&#8221;.vc_custom_1693592716094{margin-right: 0px !important;border-right-width: 0px !important;padding-right: 0px !important;}&#8221;][vc_column css=&#8221;.vc_custom_1693592722533{margin-right: 0px !important;border-right-width: 0px !important;padding-right: 0px !important;}&#8221;][mk_padding_divider][mk_slideshow_box images=&#8221;52,348,356,357&#8243; bg_repeat=&#8221;no-repeat&#8221; slideshow_speed=&#8221;5000&#8243; overlay=&#8221;rgba(0,0,0,0.36)&#8221; full_width_cnt=&#8221;true&#8221;][vc_row_inner css=&#8221;.vc_custom_1693592748768{margin-right: 0px !important;border-right-width: 0px !important;padding-right: 0px !important;}&#8221;][vc_column_inner css=&#8221;.vc_custom_1693592752973{margin-right: 0px !important;border-right-width: 0px !important;padding-right: 0px !important;}&#8221;][mk_fancy_title strip_tags=&#8221;true&#8221; tag_name=&#8221;h1&#8243; color=&#8221;#c86723&#8243; size=&#8221;70&#8243; force_font_size=&#8221;true&#8221; size_smallscreen=&#8221;45&#8243; size_tablet=&#8221;39&#8243; size_phone=&#8221;25&#8243; font_weight=&#8221;bold&#8221; txt_transform=&#8221;uppercase&#8221; margin_bottom=&#8221;0&#8243; font_family=&#8221;none&#8221; align=&#8221;center&#8221; animation=&#8221;flip-x&#8221; drop_shadow=&#8221;true&#8221;]Arrendar un auto hoy[\/mk_fancy_title][mk_fancy_title tag_name=&#8221;h5&#8243; color=&#8221;#ffffff&#8221; size=&#8221;30&#8243; font_weight=&#8221;500&#8243; margin_bottom=&#8221;0&#8243; font_family=&#8221;none&#8221; align=&#8221;center&#8221;]Nosotros te asesoramos[\/mk_fancy_title][mk_button dimension=&#8221;flat&#8221; corner_style=&#8221;rounded&#8221; size=&#8221;xx-large&#8221; url=&#8221;https:\/\/becaleasing.mx\/index.php\/checklist-otorgamiento-credito\/&#8221; align=&#8221;center&#8221; button_custom_width=&#8221;310&#8243; id=&#8221;see-more&#8221; margin_bottom=&#8221;0&#8243; margin_right=&#8221;0&#8243; animation=&#8221;bottom-to-top&#8221; el_class=&#8221;see-more&#8221; bg_color=&#8221;rgba(255,255,255,0)&#8221; btn_hover_txt_color=&#8221;#f97352&#8243;]Ver m\u00e1s[\/mk_button][mk_divider style=&#8221;thin_solid&#8221; divider_width=&#8221;custom_width&#8221; custom_width=&#8221;80&#8243; thin_single_color=&#8221;#ebebeb&#8221; thickness=&#8221;2&#8243; margin_top=&#8221;0&#8243; margin_bottom=&#8221;0&#8243;][mk_padding_divider size=&#8221;500&#8243;][\/vc_column_inner][\/vc_row_inner][\/mk_slideshow_box][\/vc_column][\/vc_row][vc_row][vc_column][mk_padding_divider size=&#8221;83&#8243;][\/vc_column][\/vc_row][vc_row][vc_column width=&#8221;1\/6&#8243;][vc_single_image image=&#8221;228&#8243; alignment=&#8221;center&#8221;][\/vc_column][vc_column width=&#8221;1\/6&#8243;][vc_single_image image=&#8221;331&#8243; alignment=&#8221;center&#8221;][\/vc_column][vc_column width=&#8221;1\/6&#8243;][vc_single_image image=&#8221;230&#8243; alignment=&#8221;center&#8221;][\/vc_column][vc_column width=&#8221;1\/6&#8243;][vc_single_image image=&#8221;226&#8243; alignment=&#8221;center&#8221;][\/vc_column][vc_column width=&#8221;1\/6&#8243;][vc_single_image image=&#8221;225&#8243; alignment=&#8221;center&#8221;][\/vc_column][vc_column width=&#8221;1\/6&#8243;][vc_single_image image=&#8221;222&#8243; alignment=&#8221;center&#8221;][\/vc_column][\/vc_row][vc_row][vc_column width=&#8221;1\/6&#8243;][vc_single_image image=&#8221;218&#8243; alignment=&#8221;center&#8221;][\/vc_column][vc_column width=&#8221;1\/6&#8243;][vc_single_image image=&#8221;330&#8243; alignment=&#8221;center&#8221;][\/vc_column][vc_column width=&#8221;1\/6&#8243;][vc_single_image image=&#8221;219&#8243; img_size=&#8221;200&#215;150&#8243; alignment=&#8221;center&#8221; css=&#8221;.vc_custom_1693525169445{padding-top: 20px !important;}&#8221;][\/vc_column][vc_column width=&#8221;1\/6&#8243;][vc_single_image image=&#8221;220&#8243; img_size=&#8221;200&#215;150&#8243; alignment=&#8221;center&#8221; css=&#8221;.vc_custom_1693525180020{padding-top: 20px !important;}&#8221;][\/vc_column][vc_column width=&#8221;1\/6&#8243;][vc_single_image image=&#8221;334&#8243; img_size=&#8221;medium&#8221; alignment=&#8221;center&#8221; css=&#8221;.vc_custom_1693525343361{padding-top: 20px !important;}&#8221;][\/vc_column][vc_column width=&#8221;1\/6&#8243;][vc_single_image image=&#8221;221&#8243; img_size=&#8221;200&#215;150&#8243; alignment=&#8221;center&#8221; css=&#8221;.vc_custom_1693525373271{padding-top: 20px !important;}&#8221;][\/vc_column][\/vc_row]<\/p>\n<\/div>","protected":false},"excerpt":{"rendered":"<p>[vc_row fullwidth=&#8221;true&#8221; attached=&#8221;true&#8221; animation=&#8221;fade-in&#8221; id=&#8221;mis_servicios&#8221; css=&#8221;.vc_custom_1692977133434{padding-right: 0px !important;padding-left: 0px !important;}&#8221;][vc_column css=&#8221;.vc_custom_1692977071789{padding-right: 0px !important;padding-left: 0px !important;}&#8221;][mk_custom_box padding_vertical=&#8221;400&#8243; padding_horizental=&#8221;0&#8243; margin_bottom=&#8221;0&#8243; min_height=&#8221;900&#8243; animation=&#8221;fade-in&#8221; bg_image=&#8221;https:\/\/becaleasing.mx\/wp-content\/uploads\/2017\/10\/copia-de-1-servicios-carro.png&#8221; background_hov_color_style=&#8221;image&#8221; overlay_color=&#8221;rgba(43,50,58,0.5)&#8221; bg_image_hov_effect=&#8221;zoom-in&#8221; bg_stretch=&#8221;true&#8221;][mk_fancy_title strip_tags=&#8221;true&#8221; tag_name=&#8221;h1&#8243; color=&#8221;#c86723&#8243; size=&#8221;70&#8243; force_font_size=&#8221;true&#8221; size_smallscreen=&#8221;45&#8243; size_tablet=&#8221;39&#8243; size_phone=&#8221;25&#8243; font_weight=&#8221;900&#8243; txt_transform=&#8221;uppercase&#8221; margin_bottom=&#8221;0&#8243; font_family=&#8221;none&#8221; align=&#8221;center&#8221; animation=&#8221;flip-x&#8221; drop_shadow=&#8221;true&#8221;]Arrendamiento puro[\/mk_fancy_title][vc_row_inner][vc_column_inner width=&#8221;1\/4&#8243;][\/vc_column_inner][vc_column_inner width=&#8221;1\/2&#8243; css=&#8221;.vc_custom_1692913223165{margin-bottom: 0px !important;}&#8221;][mk_ornamental_title text_color=&#8221;#ffffff&#8221; font_family=&#8221;none&#8221; font_size=&#8221;30&#8243; font_weight=&#8221;500&#8243; ornament_style=&#8221;norman-double&#8221; ornament_color=&#8221;#ef6831&#8243; animation=&#8221;bottom-to-top&#8221;]100% deducible[\/mk_ornamental_title][\/vc_column_inner][vc_column_inner width=&#8221;1\/4&#8243;][\/vc_column_inner][\/vc_row_inner][mk_button [&hellip;]<\/p>\n","protected":false},"author":1,"featured_media":0,"parent":0,"menu_order":0,"comment_status":"closed","ping_status":"closed","template":"","meta":{"_acf_changed":false,"footnotes":""},"acf":[],"_links":{"self":[{"href":"https:\/\/becaleasing.mx\/index.php\/wp-json\/wp\/v2\/pages\/479"}],"collection":[{"href":"https:\/\/becaleasing.mx\/index.php\/wp-json\/wp\/v2\/pages"}],"about":[{"href":"https:\/\/becaleasing.mx\/index.php\/wp-json\/wp\/v2\/types\/page"}],"author":[{"embeddable":true,"href":"https:\/\/becaleasing.mx\/index.php\/wp-json\/wp\/v2\/users\/1"}],"replies":[{"embeddable":true,"href":"https:\/\/becaleasing.mx\/index.php\/wp-json\/wp\/v2\/comments?post=479"}],"version-history":[{"count":103,"href":"https:\/\/becaleasing.mx\/index.php\/wp-json\/wp\/v2\/pages\/479\/revisions"}],"predecessor-version":[{"id":2866,"href":"https:\/\/becaleasing.mx\/index.php\/wp-json\/wp\/v2\/pages\/479\/revisions\/2866"}],"wp:attachment":[{"href":"https:\/\/becaleasing.mx\/index.php\/wp-json\/wp\/v2\/media?parent=479"}],"curies":[{"name":"wp","href":"https:\/\/api.w.org\/{rel}","templated":true}]}}